{"id":15734,"date":"2025-03-17T13:44:41","date_gmt":"2025-03-17T13:44:41","guid":{"rendered":"https:\/\/ilhanyalitim.com.tr\/?post_type=product&#038;p=15734"},"modified":"2025-03-19T07:16:46","modified_gmt":"2025-03-19T07:16:46","slug":"yali-gorunum-mantosur-sistemi","status":"publish","type":"product","link":"https:\/\/ilhanyalitim.com.tr\/?product=yali-gorunum-mantosur-sistemi","title":{"rendered":"Yal\u0131 G\u00f6r\u00fcn\u00fcm Mantos\u00fcr Sistemi"},"content":{"rendered":"","protected":false},"excerpt":{"rendered":"","protected":false},"featured_media":15735,"comment_status":"open","ping_status":"closed","template":"","meta":[],"product_brand":[],"product_cat":[72],"product_tag":[],"class_list":{"0":"post-15734","1":"product","2":"type-product","3":"status-publish","4":"has-post-thumbnail","6":"product_cat-ilhan-yalitim","8":"first","9":"instock","10":"shipping-taxable","11":"product-type-simple"},"_links":{"self":[{"href":"https:\/\/ilhanyalitim.com.tr\/index.php?rest_route=\/wp\/v2\/product\/15734","targetHints":{"allow":["GET"]}}],"collection":[{"href":"https:\/\/ilhanyalitim.com.tr\/index.php?rest_route=\/wp\/v2\/product"}],"about":[{"href":"https:\/\/ilhanyalitim.com.tr\/index.php?rest_route=\/wp\/v2\/types\/product"}],"replies":[{"embeddable":true,"href":"https:\/\/ilhanyalitim.com.tr\/index.php?rest_route=%2Fwp%2Fv2%2Fcomments&post=15734"}],"version-history":[{"count":1,"href":"https:\/\/ilhanyalitim.com.tr\/index.php?rest_route=\/wp\/v2\/product\/15734\/revisions"}],"predecessor-version":[{"id":15736,"href":"https:\/\/ilhanyalitim.com.tr\/index.php?rest_route=\/wp\/v2\/product\/15734\/revisions\/15736"}],"wp:featuredmedia":[{"embeddable":true,"href":"https:\/\/ilhanyalitim.com.tr\/index.php?rest_route=\/wp\/v2\/media\/15735"}],"wp:attachment":[{"href":"https:\/\/ilhanyalitim.com.tr\/index.php?rest_route=%2Fwp%2Fv2%2Fmedia&parent=15734"}],"wp:term":[{"taxonomy":"product_brand","embeddable":true,"href":"https:\/\/ilhanyalitim.com.tr\/index.php?rest_route=%2Fwp%2Fv2%2Fproduct_brand&post=15734"},{"taxonomy":"product_cat","embeddable":true,"href":"https:\/\/ilhanyalitim.com.tr\/index.php?rest_route=%2Fwp%2Fv2%2Fproduct_cat&post=15734"},{"taxonomy":"product_tag","embeddable":true,"href":"https:\/\/ilhanyalitim.com.tr\/index.php?rest_route=%2Fwp%2Fv2%2Fproduct_tag&post=15734"}],"curies":[{"name":"wp","href":"https:\/\/api.w.org\/{rel}","templated":true}]}}