{"id":15731,"date":"2025-03-17T13:35:33","date_gmt":"2025-03-17T13:35:33","guid":{"rendered":"https:\/\/ilhanyalitim.com.tr\/?post_type=product&#038;p=15731"},"modified":"2025-03-19T07:16:52","modified_gmt":"2025-03-19T07:16:52","slug":"dis-cephe-isi-yalitim-sistemi-filesiz-fugali","status":"publish","type":"product","link":"https:\/\/ilhanyalitim.com.tr\/?product=dis-cephe-isi-yalitim-sistemi-filesiz-fugali","title":{"rendered":"D\u0131\u015f Cephe Is\u0131 Yal\u0131t\u0131m Sistemi Filesiz Fugali"},"content":{"rendered":"","protected":false},"excerpt":{"rendered":"","protected":false},"featured_media":15733,"comment_status":"open","ping_status":"closed","template":"","meta":[],"product_brand":[],"product_cat":[72],"product_tag":[],"class_list":{"0":"post-15731","1":"product","2":"type-product","3":"status-publish","4":"has-post-thumbnail","6":"product_cat-ilhan-yalitim","8":"first","9":"instock","10":"shipping-taxable","11":"product-type-simple"},"_links":{"self":[{"href":"https:\/\/ilhanyalitim.com.tr\/index.php?rest_route=\/wp\/v2\/product\/15731","targetHints":{"allow":["GET"]}}],"collection":[{"href":"https:\/\/ilhanyalitim.com.tr\/index.php?rest_route=\/wp\/v2\/product"}],"about":[{"href":"https:\/\/ilhanyalitim.com.tr\/index.php?rest_route=\/wp\/v2\/types\/product"}],"replies":[{"embeddable":true,"href":"https:\/\/ilhanyalitim.com.tr\/index.php?rest_route=%2Fwp%2Fv2%2Fcomments&post=15731"}],"version-history":[{"count":1,"href":"https:\/\/ilhanyalitim.com.tr\/index.php?rest_route=\/wp\/v2\/product\/15731\/revisions"}],"predecessor-version":[{"id":15732,"href":"https:\/\/ilhanyalitim.com.tr\/index.php?rest_route=\/wp\/v2\/product\/15731\/revisions\/15732"}],"wp:featuredmedia":[{"embeddable":true,"href":"https:\/\/ilhanyalitim.com.tr\/index.php?rest_route=\/wp\/v2\/media\/15733"}],"wp:attachment":[{"href":"https:\/\/ilhanyalitim.com.tr\/index.php?rest_route=%2Fwp%2Fv2%2Fmedia&parent=15731"}],"wp:term":[{"taxonomy":"product_brand","embeddable":true,"href":"https:\/\/ilhanyalitim.com.tr\/index.php?rest_route=%2Fwp%2Fv2%2Fproduct_brand&post=15731"},{"taxonomy":"product_cat","embeddable":true,"href":"https:\/\/ilhanyalitim.com.tr\/index.php?rest_route=%2Fwp%2Fv2%2Fproduct_cat&post=15731"},{"taxonomy":"product_tag","embeddable":true,"href":"https:\/\/ilhanyalitim.com.tr\/index.php?rest_route=%2Fwp%2Fv2%2Fproduct_tag&post=15731"}],"curies":[{"name":"wp","href":"https:\/\/api.w.org\/{rel}","templated":true}]}}