{"id":15728,"date":"2025-03-17T13:20:00","date_gmt":"2025-03-17T13:20:00","guid":{"rendered":"https:\/\/ilhanyalitim.com.tr\/?post_type=product&#038;p=15728"},"modified":"2025-03-19T07:16:58","modified_gmt":"2025-03-19T07:16:58","slug":"dis-cephe-isi-yalitim-sistemi-teretoka","status":"publish","type":"product","link":"https:\/\/ilhanyalitim.com.tr\/?product=dis-cephe-isi-yalitim-sistemi-teretoka","title":{"rendered":"D\u0131\u015f Cephe Is\u0131 Yal\u0131t\u0131m Sistemi Teretoka"},"content":{"rendered":"","protected":false},"excerpt":{"rendered":"","protected":false},"featured_media":15729,"comment_status":"open","ping_status":"closed","template":"","meta":[],"product_brand":[],"product_cat":[72],"product_tag":[],"class_list":{"0":"post-15728","1":"product","2":"type-product","3":"status-publish","4":"has-post-thumbnail","6":"product_cat-ilhan-yalitim","8":"first","9":"instock","10":"shipping-taxable","11":"product-type-simple"},"_links":{"self":[{"href":"https:\/\/ilhanyalitim.com.tr\/index.php?rest_route=\/wp\/v2\/product\/15728","targetHints":{"allow":["GET"]}}],"collection":[{"href":"https:\/\/ilhanyalitim.com.tr\/index.php?rest_route=\/wp\/v2\/product"}],"about":[{"href":"https:\/\/ilhanyalitim.com.tr\/index.php?rest_route=\/wp\/v2\/types\/product"}],"replies":[{"embeddable":true,"href":"https:\/\/ilhanyalitim.com.tr\/index.php?rest_route=%2Fwp%2Fv2%2Fcomments&post=15728"}],"version-history":[{"count":1,"href":"https:\/\/ilhanyalitim.com.tr\/index.php?rest_route=\/wp\/v2\/product\/15728\/revisions"}],"predecessor-version":[{"id":15730,"href":"https:\/\/ilhanyalitim.com.tr\/index.php?rest_route=\/wp\/v2\/product\/15728\/revisions\/15730"}],"wp:featuredmedia":[{"embeddable":true,"href":"https:\/\/ilhanyalitim.com.tr\/index.php?rest_route=\/wp\/v2\/media\/15729"}],"wp:attachment":[{"href":"https:\/\/ilhanyalitim.com.tr\/index.php?rest_route=%2Fwp%2Fv2%2Fmedia&parent=15728"}],"wp:term":[{"taxonomy":"product_brand","embeddable":true,"href":"https:\/\/ilhanyalitim.com.tr\/index.php?rest_route=%2Fwp%2Fv2%2Fproduct_brand&post=15728"},{"taxonomy":"product_cat","embeddable":true,"href":"https:\/\/ilhanyalitim.com.tr\/index.php?rest_route=%2Fwp%2Fv2%2Fproduct_cat&post=15728"},{"taxonomy":"product_tag","embeddable":true,"href":"https:\/\/ilhanyalitim.com.tr\/index.php?rest_route=%2Fwp%2Fv2%2Fproduct_tag&post=15728"}],"curies":[{"name":"wp","href":"https:\/\/api.w.org\/{rel}","templated":true}]}}